{"id":2313,"date":"2021-07-14T17:29:35","date_gmt":"2021-07-14T22:29:35","guid":{"rendered":"https:\/\/iglesiadecristomanizales.com\/?page_id=2313"},"modified":"2021-07-30T17:44:25","modified_gmt":"2021-07-30T22:44:25","slug":"historia","status":"publish","type":"page","link":"https:\/\/iglesiadecristomanizales.com\/?page_id=2313","title":{"rendered":"HISTORIA"},"content":{"rendered":"<p>[et_pb_section fb_built=&#8221;1&#8243; _builder_version=&#8221;4.9.7&#8243; _module_preset=&#8221;default&#8221;][et_pb_row _builder_version=&#8221;4.9.7&#8243; _module_preset=&#8221;default&#8221;][et_pb_column type=&#8221;4_4&#8243; _builder_version=&#8221;4.9.7&#8243; _module_preset=&#8221;default&#8221;][et_pb_text _builder_version=&#8221;4.9.7&#8243; _module_preset=&#8221;default&#8221; text_font=&#8221;Lato|900||on|||||&#8221; text_text_color=&#8221;#af292e&#8221; text_font_size=&#8221;50px&#8221; text_line_height=&#8221;1.8em&#8221; text_orientation=&#8221;center&#8221; text_text_shadow_style=&#8221;preset3&#8243;]<\/p>\n<p>HISTORIA<\/p>\n<p>[\/et_pb_text][et_pb_text _builder_version=&#8221;4.9.7&#8243; _module_preset=&#8221;default&#8221; text_font=&#8221;Lato|900|on||||||&#8221; text_font_size=&#8221;25px&#8221; text_line_height=&#8221;1.4em&#8221; text_orientation=&#8221;center&#8221;]<\/p>\n<p>&#8211; Una historia de +40 a\u00f1os &#8211;<\/p>\n<p>[\/et_pb_text][et_pb_divider _builder_version=&#8221;4.9.7&#8243; _module_preset=&#8221;default&#8221;][\/et_pb_divider][\/et_pb_column][\/et_pb_row][et_pb_row _builder_version=&#8221;4.9.7&#8243; _module_preset=&#8221;default&#8221;][et_pb_column type=&#8221;4_4&#8243; _builder_version=&#8221;4.9.7&#8243; _module_preset=&#8221;default&#8221;][et_pb_text _builder_version=&#8221;4.9.10&#8243; _module_preset=&#8221;default&#8221; text_font=&#8221;Lato||on||||||&#8221; text_font_size=&#8221;25px&#8221; text_line_height=&#8221;1.4em&#8221; text_orientation=&#8221;justified&#8221;]<\/p>\n<p>En el a\u00f1o 1977, Carlos E. Restrepo retorna a Colombia desde los Estados Unidos despu\u00e9s de haber conocido el evangelio de nuestro Se\u00f1or Jesucristo y como miembro de la iglesia de Cristo Universal. Acompa\u00f1ado de los hermanos Wayne Partain y Royce Chandler (miembros de iglesias locales en Estados Unidos), realizan una serie de estudios b\u00edblicos durante una semana, en casa de la Familia Restrepo Montoya, sembrando la semilla del evangelio a esta familia, a primos de los Restrepo y vecinos. \u00a0\u00a0Este fue el primer acercamiento a la Palabra de Dios en Manizales, donde se hizo evidente el poder de las palabras de Pablo expresadas en:<\/p>\n<blockquote>\n<p>1 Corintios 3:6-9\u00a0 \u201c<span><strong><sup>6\u00a0<\/sup><\/strong><\/span><span>Yo plant\u00e9,\u00a0Apolos reg\u00f3;\u00a0pero el crecimiento lo ha dado Dios.<\/span> <span><strong><sup>7\u00a0<\/sup><\/strong>As\u00ed que ni el que planta es algo, ni el que riega, sino Dios, que da el crecimiento. <strong><sup>8\u00a0<\/sup><\/strong>Y el que planta y el que riega son una misma cosa; aunque cada uno recibir\u00e1 su recompensa conforme a su labor. <strong><sup>9\u00a0<\/sup><\/strong>Porque nosotros somos colaboradores de Dios, y vosotros sois labranza de Dios, edificio de Dios.<\/span><\/p>\n<\/blockquote>\n<p>La semilla fue plantada, y el crecimiento lo dio Dios.\u00a0 En el mes de Diciembre del 1979 \u00a0retorna Carlos Restrepo a Manizales predicando nuevamente el evangelio a su familia y a otro grupo de personas deseosas de escuchar el mensaje de salvaci\u00f3n; dos de sus hermanos menores, Jaime y Diana, en quienes fue sembrada la semilla dos a\u00f1os antes, toman la decisi\u00f3n de bautizarse y una tercera persona, Mariela, tambi\u00e9n acude a las aguas del bautismo.\u00a0 Esto ocurre la primera semana de Enero de 1980. \u00a0El trabajo evangel\u00edstico fue continuado por el hermano Fernando Abad, proveniente de la ciudad de Bogot\u00e1, quien durante aproximadamente 2 meses apoya la labor de expansi\u00f3n del evangelio y establecimiento de esta iglesia local.<\/p>\n<p>Ante la necesidad de una persona que se dedique a la predicaci\u00f3n permanente uno de los miembros de iglesia de Cristo en la ciudad de Bogot\u00e1, Hern\u00e1n Urdinola, es enviado para hacerse cargo de esta naciente obra en Manizales.\u00a0<\/p>\n<p>Durante los siguientes 5 a\u00f1os, gracias a la obra excelente de evangelizaci\u00f3n del hermano Hern\u00e1n, nuevas almas fueron convertidas; posteriormente se sum\u00f3 el hermano Carlos Tibaquir\u00e1, venido en un periodo vacacional desde la ciudad de Nueva York, siendo oriundo de Manizales; el hermano Tibaquir\u00e1 decide retornar definitivamente a Colombia para compartir el evangelio en apoyo al hermano Urdinola; otros m\u00e1s son bautizados en este inicio y muchos los siguen posteriormente.\u00a0 Gracias a este trabajo mancomunado es que logran el contacto con Uriel Panesso e Ismary Polania, Henry Silva, Adriana Franco y otros, quienes despu\u00e9s de estudiar con el hermano Hern\u00e1n, deciden bautizarse y entran a forma parte de la iglesia local.<\/p>\n<p>Despu\u00e9s de 5 a\u00f1os de trabajo en Manizales, el hermano Hern\u00e1n retorna a Bogot\u00e1, y la iglesia en Manizales recibe al hermano Gregory Braswell, quien trabaja con esta obra local por espacio de aproximadamente dos a\u00f1os.<\/p>\n<p>Ante la partida del hermano Braswell, Jaime Restrepo, miembro de la iglesia en Manizales por aquel entonces, decide dedicarse a la obra de evangelizaci\u00f3n a tiempo completo, y durante los siguientes 36 a\u00f1os labora con esta congregaci\u00f3n.\u00a0 En el 2016 decide retirarse de su trabajo con esta iglesia y tambien retira su membres\u00eda.\u00a0<\/p>\n<p>Fueron varias las casas y espacios peque\u00f1os en donde por los primeros a\u00f1os fueron acogidos los que se a\u00f1adieron a la iglesia local, entre estos sitios est\u00e1n Villapilar, Chipre, Carrera 24 entre calles 24 y 25, calle 30 con carrera 27, y finalmente por un buen n\u00famero de a\u00f1os (aproximadamente 35 a\u00f1os) ocupamos un espacio en la calle 32 carrera 21 esquina.<\/p>\n<p>En el a\u00f1o 2018 ante el crecimiento de la obra nos trasladamos a un local m\u00e1s grande en la carrera 21 con calle 26, siendo el predicador desde el a\u00f1o 2017 el hermano Jorge Alvaro Sepulveda.\u00a0 Tambi\u00e9n se a\u00f1adi\u00f3 al trabajo en esta obra el hermano Luis Felipe Torres Mu\u00f1oz, proveniente de la iglesia de Cristo en Chinchin\u00e1.<\/p>\n<p>A ra\u00edz de la pandemia del COVID 19 y ante la imposibilidad de reunirse presencialmente, este local de congregaci\u00f3n fue entregado en el a\u00f1o 2020.\u00a0 Sin embargo, cuando se dio el permiso gubernamental permitiendo nuevamente las reuniones eclesi\u00e1sticas, tomamos en arriendo un excelente local en la carrera 22 con calle 26, donde actualmente nos reunimos, desde septiembre de 2020.<\/p>\n<p>Producto de la predicaci\u00f3n del evangelio, desde la iglesia local en Manizales se dio inicio a obras alrededor de la ciudad, entre ellas Neira, Chinchin\u00e1, Santa Rosa y Anserma.\u00a0 Tambi\u00e9n gracias a la obra de hermanos dispuestos y apoyados por la obra de Manizales se predic\u00f3 el evangelio y se dio inicio a obras en Cali, Medell\u00edn, Buenaventura y la Costa Atl\u00e1ntica.\u00a0<\/p>\n<p>Despu\u00e9s de 40 a\u00f1os de existencia de esta iglesia local, por la gracia de Dios y el esfuerzo de hermanos dispuestos a servir al Se\u00f1or, fueron nombrados dos ancianos o pastores Luis Felipe Torres Mu\u00f1oz y Juan Bautista Cifuentes, quienes hasta el d\u00eda de hoy velan y pastorean en medio de esta grey en Manizales.<\/p>\n<blockquote><\/blockquote>\n<p>[\/et_pb_text][et_pb_divider _builder_version=&#8221;4.9.9&#8243; _module_preset=&#8221;default&#8221;][\/et_pb_divider][\/et_pb_column][\/et_pb_row][et_pb_row column_structure=&#8221;3_5,2_5&#8243; _builder_version=&#8221;4.9.9&#8243; _module_preset=&#8221;default&#8221;][et_pb_column type=&#8221;3_5&#8243; _builder_version=&#8221;4.9.9&#8243; _module_preset=&#8221;default&#8221;][et_pb_text _builder_version=&#8221;4.9.9&#8243; _module_preset=&#8221;default&#8221; text_font=&#8221;Lato||on||||||&#8221; text_text_color=&#8221;#000000&#8243; text_font_size=&#8221;25px&#8221; text_line_height=&#8221;1.8em&#8221; text_text_shadow_style=&#8221;preset3&#8243;]<\/p>\n<p>Si deseas conocer m\u00e1s sobre nosotros, puedes consultar nuestras noticias, all\u00ed encontrar\u00e1s los eventos recientes de la iglesia de Cristo en Manizales Caldas Colombia.<\/p>\n<p>[\/et_pb_text][et_pb_button button_url=&#8221;https:\/\/iglesiadecristomanizales.com\/category\/noticias\/&#8221; button_text=&#8221;NOTICIAS&#8221; button_alignment=&#8221;center&#8221; _builder_version=&#8221;4.9.9&#8243; _module_preset=&#8221;default&#8221; custom_button=&#8221;on&#8221; button_text_color=&#8221;#E02B20&#8243; box_shadow_style=&#8221;preset4&#8243;][\/et_pb_button][\/et_pb_column][et_pb_column type=&#8221;2_5&#8243; _builder_version=&#8221;4.9.9&#8243; _module_preset=&#8221;default&#8221;][et_pb_image src=&#8221;https:\/\/iglesiadecristomanizales.com\/wp-content\/uploads\/2021\/07\/markus-winkler-k_Am9hKISLM-unsplash.jpg&#8221; title_text=&#8221;markus-winkler-k_Am9hKISLM-unsplash&#8221; _builder_version=&#8221;4.9.9&#8243; _module_preset=&#8221;default&#8221; border_radii=&#8221;on|15px|15px|15px|15px&#8221;][\/et_pb_image][\/et_pb_column][\/et_pb_row][\/et_pb_section][et_pb_section fb_built=&#8221;1&#8243; _builder_version=&#8221;4.9.7&#8243; _module_preset=&#8221;default&#8221;][et_pb_row _builder_version=&#8221;4.9.7&#8243; _module_preset=&#8221;default&#8221;][et_pb_column type=&#8221;4_4&#8243; _builder_version=&#8221;4.9.7&#8243; _module_preset=&#8221;default&#8221;][et_pb_divider _builder_version=&#8221;4.9.7&#8243; _module_preset=&#8221;default&#8221;][\/et_pb_divider][\/et_pb_column][\/et_pb_row][\/et_pb_section]<\/p>\n","protected":false},"excerpt":{"rendered":"<p>HISTORIA- Una historia de +40 a\u00f1os -En el a\u00f1o 1977, Carlos E. Restrepo retorna a Colombia desde los Estados Unidos despu\u00e9s de haber conocido el evangelio de nuestro Se\u00f1or Jesucristo y como miembro de la iglesia de Cristo Universal. Acompa\u00f1ado de los hermanos Wayne Partain y Royce Chandler (miembros de iglesias locales en Estados Unidos), [&hellip;]<\/p>\n","protected":false},"author":2,"featured_media":0,"parent":0,"menu_order":0,"comment_status":"closed","ping_status":"closed","template":"","meta":{"_et_pb_use_builder":"on","_et_pb_old_content":"","_et_gb_content_width":"","footnotes":""},"class_list":["post-2313","page","type-page","status-publish","hentry"],"_links":{"self":[{"href":"https:\/\/iglesiadecristomanizales.com\/index.php?rest_route=\/wp\/v2\/pages\/2313","targetHints":{"allow":["GET"]}}],"collection":[{"href":"https:\/\/iglesiadecristomanizales.com\/index.php?rest_route=\/wp\/v2\/pages"}],"about":[{"href":"https:\/\/iglesiadecristomanizales.com\/index.php?rest_route=\/wp\/v2\/types\/page"}],"author":[{"embeddable":true,"href":"https:\/\/iglesiadecristomanizales.com\/index.php?rest_route=\/wp\/v2\/users\/2"}],"replies":[{"embeddable":true,"href":"https:\/\/iglesiadecristomanizales.com\/index.php?rest_route=%2Fwp%2Fv2%2Fcomments&post=2313"}],"version-history":[{"count":10,"href":"https:\/\/iglesiadecristomanizales.com\/index.php?rest_route=\/wp\/v2\/pages\/2313\/revisions"}],"predecessor-version":[{"id":2468,"href":"https:\/\/iglesiadecristomanizales.com\/index.php?rest_route=\/wp\/v2\/pages\/2313\/revisions\/2468"}],"wp:attachment":[{"href":"https:\/\/iglesiadecristomanizales.com\/index.php?rest_route=%2Fwp%2Fv2%2Fmedia&parent=2313"}],"curies":[{"name":"wp","href":"https:\/\/api.w.org\/{rel}","templated":true}]}}