{"id":2179,"date":"2021-07-12T18:17:35","date_gmt":"2021-07-12T23:17:35","guid":{"rendered":"https:\/\/iglesiadecristomanizales.com\/?page_id=2179"},"modified":"2021-07-12T22:25:04","modified_gmt":"2021-07-13T03:25:04","slug":"nosotros","status":"publish","type":"page","link":"https:\/\/iglesiadecristomanizales.com\/?page_id=2179","title":{"rendered":"NOSOTROS"},"content":{"rendered":"<p>[et_pb_section fb_built=&#8221;1&#8243; _builder_version=&#8221;4.9.7&#8243; _module_preset=&#8221;default&#8221;][et_pb_row _builder_version=&#8221;4.9.7&#8243; _module_preset=&#8221;default&#8221;][et_pb_column type=&#8221;4_4&#8243; _builder_version=&#8221;4.9.7&#8243; _module_preset=&#8221;default&#8221;][et_pb_text _builder_version=&#8221;4.9.7&#8243; _module_preset=&#8221;default&#8221; text_font=&#8221;Lato|900||on|||||&#8221; text_text_color=&#8221;#af292e&#8221; text_font_size=&#8221;50px&#8221; text_orientation=&#8221;center&#8221; hover_enabled=&#8221;0&#8243; text_text_shadow_style=&#8221;preset3&#8243; text_line_height=&#8221;1.8em&#8221; sticky_enabled=&#8221;0&#8243;]<\/p>\n<p>sobre nosotros<\/p>\n<p>[\/et_pb_text][et_pb_text _builder_version=&#8221;4.9.7&#8243; _module_preset=&#8221;default&#8221; text_font=&#8221;Lato|900|on||||||&#8221; text_font_size=&#8221;25px&#8221; text_line_height=&#8221;1.4em&#8221; text_orientation=&#8221;center&#8221;]<\/p>\n<p>C\u00f3mo iglesia del Se\u00f1or aqu\u00ed en Manizales, existimos con ese prop\u00f3sito, de dar a conocer a Cristo y su palabra a todas las personas. Perm\u00edtanos poder ayudarlo.<\/p>\n<p>Nuestras puertas est\u00e1n abiertas para todos aquellos que, desde su coraz\u00f3n, quieren y desean acercarse a Dios, por medio de la adoraci\u00f3n reverente y una vida de obediencia a su palabra.<\/p>\n<p>[\/et_pb_text][et_pb_divider _builder_version=&#8221;4.9.7&#8243; _module_preset=&#8221;default&#8221;][\/et_pb_divider][\/et_pb_column][\/et_pb_row][et_pb_row _builder_version=&#8221;4.9.7&#8243; _module_preset=&#8221;default&#8221;][et_pb_column type=&#8221;4_4&#8243; _builder_version=&#8221;4.9.7&#8243; _module_preset=&#8221;default&#8221;][et_pb_text _builder_version=&#8221;4.9.7&#8243; _module_preset=&#8221;default&#8221; text_font=&#8221;Lato|900|on||||||&#8221; text_text_color=&#8221;#af292e&#8221; text_font_size=&#8221;45px&#8221; text_letter_spacing=&#8221;9px&#8221; text_orientation=&#8221;center&#8221; hover_enabled=&#8221;0&#8243; text_line_height=&#8221;1.8em&#8221; sticky_enabled=&#8221;0&#8243;]<\/p>\n<p>Nuestra Misi\u00f3n<\/p>\n<p>[\/et_pb_text][\/et_pb_column][\/et_pb_row][et_pb_row column_structure=&#8221;2_5,3_5&#8243; _builder_version=&#8221;4.9.7&#8243; _module_preset=&#8221;default&#8221;][et_pb_column type=&#8221;2_5&#8243; _builder_version=&#8221;4.9.7&#8243; _module_preset=&#8221;default&#8221;][et_pb_image src=&#8221;https:\/\/iglesiadecristomanizales.com\/wp-content\/uploads\/2021\/07\/mission.jpg&#8221; title_text=&#8221;mission&#8221; _builder_version=&#8221;4.9.7&#8243; _module_preset=&#8221;default&#8221; border_radii=&#8221;on|30px|30px|30px|30px&#8221;][\/et_pb_image][\/et_pb_column][et_pb_column type=&#8221;3_5&#8243; _builder_version=&#8221;4.9.7&#8243; _module_preset=&#8221;default&#8221;][et_pb_text _builder_version=&#8221;4.9.7&#8243; _module_preset=&#8221;default&#8221; text_font=&#8221;Lato||on||||||&#8221; text_font_size=&#8221;25px&#8221; text_line_height=&#8221;1.4em&#8221; text_orientation=&#8221;justified&#8221;]<\/p>\n<p>Como iglesia del Se\u00f1or es la de anunciar la palabra de Dios a todo el mundo, sin excepci\u00f3n alguna, llevando a las personas a Cristo, a su palabra.<\/p>\n<blockquote>\n<p><strong>Mat 28:19<\/strong> Por tanto, <span style=\"text-decoration: underline;\">id, y haced disc\u00edpulos a todas las naciones<\/span>, bautiz\u00e1ndolos en el nombre del Padre, y del Hijo, y del Esp\u00edritu Santo;<br \/><strong>Mat 28:20<\/strong> <span style=\"text-decoration: underline;\">ense\u00f1\u00e1ndoles que guarden todas las cosas que os he mandado<\/span>; y he aqu\u00ed yo estoy con vosotros todos los d\u00edas, hasta el fin del mundo. Am\u00e9n.<\/p>\n<\/blockquote>\n<p>[\/et_pb_text][\/et_pb_column][\/et_pb_row][et_pb_row _builder_version=&#8221;4.9.7&#8243; _module_preset=&#8221;default&#8221;][et_pb_column type=&#8221;4_4&#8243; _builder_version=&#8221;4.9.7&#8243; _module_preset=&#8221;default&#8221;][et_pb_text _builder_version=&#8221;4.9.7&#8243; _module_preset=&#8221;default&#8221; text_font=&#8221;Lato|900|on||||||&#8221; text_text_color=&#8221;#af292e&#8221; text_font_size=&#8221;45px&#8221; text_letter_spacing=&#8221;9px&#8221; text_orientation=&#8221;center&#8221; hover_enabled=&#8221;0&#8243; text_line_height=&#8221;1.8em&#8221; sticky_enabled=&#8221;0&#8243;]<\/p>\n<p>Nuestra Visi\u00f3n<\/p>\n<p>[\/et_pb_text][\/et_pb_column][\/et_pb_row][et_pb_row column_structure=&#8221;3_5,2_5&#8243; _builder_version=&#8221;4.9.7&#8243; _module_preset=&#8221;default&#8221;][et_pb_column type=&#8221;3_5&#8243; _builder_version=&#8221;4.9.7&#8243; _module_preset=&#8221;default&#8221;][et_pb_text _builder_version=&#8221;4.9.7&#8243; _module_preset=&#8221;default&#8221; text_font=&#8221;Lato||on||||||&#8221; text_font_size=&#8221;25px&#8221; text_line_height=&#8221;1.5em&#8221; text_orientation=&#8221;justified&#8221;]<\/p>\n<p>Crecer en calidad y en cantidad como dice la escritura:<\/p>\n<blockquote>\n<p><strong>Hch 2:41<\/strong> As\u00ed que, los que recibieron su palabra fueron bautizados; y <span style=\"text-decoration: underline;\">se a\u00f1adieron<\/span> aquel d\u00eda como <span style=\"text-decoration: underline;\">tres mil personas<\/span>.<br \/><strong>Hch 2:42<\/strong> Y <span style=\"text-decoration: underline;\">perseveraban en la doctrina de los ap\u00f3stoles<\/span>, en la comuni\u00f3n unos con otros, en el partimiento del pan y en las oraciones.<\/p>\n<\/blockquote>\n<p>[\/et_pb_text][\/et_pb_column][et_pb_column type=&#8221;2_5&#8243; _builder_version=&#8221;4.9.7&#8243; _module_preset=&#8221;default&#8221;][et_pb_image src=&#8221;https:\/\/iglesiadecristomanizales.com\/wp-content\/uploads\/2021\/07\/vision.jpg&#8221; title_text=&#8221;vision&#8221; _builder_version=&#8221;4.9.7&#8243; _module_preset=&#8221;default&#8221; border_radii=&#8221;on|30px|30px|30px|30px&#8221;][\/et_pb_image][\/et_pb_column][\/et_pb_row][et_pb_row _builder_version=&#8221;4.9.7&#8243; _module_preset=&#8221;default&#8221;][et_pb_column type=&#8221;4_4&#8243; _builder_version=&#8221;4.9.7&#8243; _module_preset=&#8221;default&#8221;][et_pb_text _builder_version=&#8221;4.9.7&#8243; _module_preset=&#8221;default&#8221; text_font=&#8221;Lato|900|on||||||&#8221; text_text_color=&#8221;#af292e&#8221; text_font_size=&#8221;45px&#8221; text_letter_spacing=&#8221;9px&#8221; text_orientation=&#8221;center&#8221; hover_enabled=&#8221;0&#8243; text_line_height=&#8221;1.8em&#8221; sticky_enabled=&#8221;0&#8243;]<\/p>\n<p>Nuestros Objetivos<\/p>\n<p>[\/et_pb_text][\/et_pb_column][\/et_pb_row][et_pb_row column_structure=&#8221;2_5,3_5&#8243; _builder_version=&#8221;4.9.7&#8243; _module_preset=&#8221;default&#8221;][et_pb_column type=&#8221;2_5&#8243; _builder_version=&#8221;4.9.7&#8243; _module_preset=&#8221;default&#8221;][et_pb_image src=&#8221;https:\/\/iglesiadecristomanizales.com\/wp-content\/uploads\/2021\/07\/objectives.jpg&#8221; title_text=&#8221;objectives&#8221; _builder_version=&#8221;4.9.7&#8243; _module_preset=&#8221;default&#8221; border_radii=&#8221;on|30px|30px|30px|30px&#8221;][\/et_pb_image][\/et_pb_column][et_pb_column type=&#8221;3_5&#8243; _builder_version=&#8221;4.9.7&#8243; _module_preset=&#8221;default&#8221;][et_pb_text _builder_version=&#8221;4.9.7&#8243; _module_preset=&#8221;default&#8221; text_font=&#8221;Lato||on||||||&#8221; text_font_size=&#8221;25px&#8221; text_line_height=&#8221;1.4em&#8221; ol_text_align=&#8221;justify&#8221; ol_line_height=&#8221;1.4em&#8221; text_orientation=&#8221;justified&#8221;]<\/p>\n<p><strong>Nuestro objetivo general es el de evangelizar con la Biblia, que es la palabra de Dios a todas las personas, edificarnos mutuamente y ser ben\u00e9volos los unos con los otros.<\/strong><\/p>\n<p><strong><\/strong><\/p>\n<ol>\n<li>Predicar la palabra de Dios tal cual ha sido expresada por el Esp\u00edritu Santo.<\/li>\n<li>Edificarnos mutuamente, desarrollando nuestro amor para con nuestros hermanos.<\/li>\n<li>Fomentar la convivencia y sano desarrollo de los individuos en su n\u00facleo familiar y social.<\/li>\n<li>Fomentar el respeto hacia las autoridades (instancias gubernamentales) dentro del marco dado por las sagradas escrituras.<\/li>\n<li>Participar en el cambio social que requieren las personas a trav\u00e9s de predicar la palabra de Dios.<\/li>\n<\/ol>\n<p>[\/et_pb_text][\/et_pb_column][\/et_pb_row][\/et_pb_section][et_pb_section fb_built=&#8221;1&#8243; _builder_version=&#8221;4.9.7&#8243; _module_preset=&#8221;default&#8221;][et_pb_row _builder_version=&#8221;4.9.7&#8243; _module_preset=&#8221;default&#8221;][et_pb_column type=&#8221;4_4&#8243; _builder_version=&#8221;4.9.7&#8243; _module_preset=&#8221;default&#8221;][et_pb_divider _builder_version=&#8221;4.9.7&#8243; _module_preset=&#8221;default&#8221;][\/et_pb_divider][\/et_pb_column][\/et_pb_row][\/et_pb_section]<\/p>\n","protected":false},"excerpt":{"rendered":"<p>sobre nosotrosC\u00f3mo iglesia del Se\u00f1or aqu\u00ed en Manizales, existimos con ese prop\u00f3sito, de dar a conocer a Cristo y su palabra a todas las personas. Perm\u00edtanos poder ayudarlo. Nuestras puertas est\u00e1n abiertas para todos aquellos que, desde su coraz\u00f3n, quieren y desean acercarse a Dios, por medio de la adoraci\u00f3n reverente y una vida de [&hellip;]<\/p>\n","protected":false},"author":2,"featured_media":0,"parent":0,"menu_order":0,"comment_status":"closed","ping_status":"closed","template":"","meta":{"_et_pb_use_builder":"on","_et_pb_old_content":"","_et_gb_content_width":"","footnotes":""},"class_list":["post-2179","page","type-page","status-publish","hentry"],"_links":{"self":[{"href":"https:\/\/iglesiadecristomanizales.com\/index.php?rest_route=\/wp\/v2\/pages\/2179","targetHints":{"allow":["GET"]}}],"collection":[{"href":"https:\/\/iglesiadecristomanizales.com\/index.php?rest_route=\/wp\/v2\/pages"}],"about":[{"href":"https:\/\/iglesiadecristomanizales.com\/index.php?rest_route=\/wp\/v2\/types\/page"}],"author":[{"embeddable":true,"href":"https:\/\/iglesiadecristomanizales.com\/index.php?rest_route=\/wp\/v2\/users\/2"}],"replies":[{"embeddable":true,"href":"https:\/\/iglesiadecristomanizales.com\/index.php?rest_route=%2Fwp%2Fv2%2Fcomments&post=2179"}],"version-history":[{"count":9,"href":"https:\/\/iglesiadecristomanizales.com\/index.php?rest_route=\/wp\/v2\/pages\/2179\/revisions"}],"predecessor-version":[{"id":2243,"href":"https:\/\/iglesiadecristomanizales.com\/index.php?rest_route=\/wp\/v2\/pages\/2179\/revisions\/2243"}],"wp:attachment":[{"href":"https:\/\/iglesiadecristomanizales.com\/index.php?rest_route=%2Fwp%2Fv2%2Fmedia&parent=2179"}],"curies":[{"name":"wp","href":"https:\/\/api.w.org\/{rel}","templated":true}]}}